{"id":161,"date":"2018-04-23T14:12:30","date_gmt":"2018-04-23T12:12:30","guid":{"rendered":"https:\/\/www.planetodyssey.com\/?page_id=161"},"modified":"2018-08-30T15:05:17","modified_gmt":"2018-08-30T13:05:17","slug":"chapitre-3-la-region-midi-pyrenees-la-pierre","status":"publish","type":"page","link":"https:\/\/www.planetodyssey.com\/en\/chapitre-3-la-region-midi-pyrenees-la-pierre\/","title":{"rendered":"Midi-Pyr\u00e9n\u00e9es"},"content":{"rendered":"<div id='gallery-1' class='gallery galleryid-161 gallery-columns-3 gallery-size-thumbnail'><figure class='gallery-item'>\n\t\t\t<div class='gallery-icon landscape'>\n\t\t\t\t<a href='https:\/\/www.planetodyssey.com\/en\/chapitre-3-la-region-midi-pyrenees-la-pierre\/photo-b\/'><img loading=\"lazy\" decoding=\"async\" width=\"150\" height=\"150\" src=\"https:\/\/www.planetodyssey.com\/wp-content\/uploads\/2018\/05\/Photo-B-150x150.jpg\" class=\"attachment-thumbnail size-thumbnail\" alt=\"The Black Aven entrance\" \/><\/a>\n\t\t\t<\/div><\/figure><figure class='gallery-item'>\n\t\t\t<div class='gallery-icon landscape'>\n\t\t\t\t<a href='https:\/\/www.planetodyssey.com\/en\/chapitre-3-la-region-midi-pyrenees-la-pierre\/img_3502\/'><img loading=\"lazy\" decoding=\"async\" width=\"150\" height=\"150\" src=\"https:\/\/www.planetodyssey.com\/wp-content\/uploads\/2018\/05\/IMG_3502-150x150.jpg\" class=\"attachment-thumbnail size-thumbnail\" alt=\"A young singer in Occitan, over 3000 meters altitude in the Pyrenees\" \/><\/a>\n\t\t\t<\/div><\/figure><figure class='gallery-item'>\n\t\t\t<div class='gallery-icon landscape'>\n\t\t\t\t<a href='https:\/\/www.planetodyssey.com\/en\/chapitre-3-la-region-midi-pyrenees-la-pierre\/img_3483\/'><img loading=\"lazy\" decoding=\"async\" width=\"150\" height=\"150\" src=\"https:\/\/www.planetodyssey.com\/wp-content\/uploads\/2018\/05\/IMG_3483-150x150.jpg\" class=\"attachment-thumbnail size-thumbnail\" alt=\"The cliff where our shepherd starts running to catch the sheep\" \/><\/a>\n\t\t\t<\/div><\/figure><figure class='gallery-item'>\n\t\t\t<div class='gallery-icon landscape'>\n\t\t\t\t<a href='https:\/\/www.planetodyssey.com\/en\/chapitre-3-la-region-midi-pyrenees-la-pierre\/img_3831\/'><img loading=\"lazy\" decoding=\"async\" width=\"150\" height=\"150\" src=\"https:\/\/www.planetodyssey.com\/wp-content\/uploads\/2018\/05\/IMG_3831-150x150.jpg\" class=\"attachment-thumbnail size-thumbnail\" alt=\"Proof of the talent of Mother Nature !\" \/><\/a>\n\t\t\t<\/div><\/figure><figure class='gallery-item'>\n\t\t\t<div class='gallery-icon landscape'>\n\t\t\t\t<a href='https:\/\/www.planetodyssey.com\/en\/chapitre-3-la-region-midi-pyrenees-la-pierre\/img_6466\/'><img loading=\"lazy\" decoding=\"async\" width=\"150\" height=\"150\" src=\"https:\/\/www.planetodyssey.com\/wp-content\/uploads\/2018\/05\/IMG_6466-150x150.jpg\" class=\"attachment-thumbnail size-thumbnail\" alt=\"The the Massif Central colors in automn\" \/><\/a>\n\t\t\t<\/div><\/figure><figure class='gallery-item'>\n\t\t\t<div class='gallery-icon landscape'>\n\t\t\t\t<a href='https:\/\/www.planetodyssey.com\/en\/chapitre-3-la-region-midi-pyrenees-la-pierre\/img_3976\/'><img loading=\"lazy\" decoding=\"async\" width=\"150\" height=\"150\" src=\"https:\/\/www.planetodyssey.com\/wp-content\/uploads\/2018\/05\/IMG_3976-150x150.jpg\" class=\"attachment-thumbnail size-thumbnail\" alt=\"First snow in the Pyrenees National Park\" \/><\/a>\n\t\t\t<\/div><\/figure><figure class='gallery-item'>\n\t\t\t<div class='gallery-icon landscape'>\n\t\t\t\t<a href='https:\/\/www.planetodyssey.com\/en\/chapitre-3-la-region-midi-pyrenees-la-pierre\/img_3979\/'><img loading=\"lazy\" decoding=\"async\" width=\"150\" height=\"150\" src=\"https:\/\/www.planetodyssey.com\/wp-content\/uploads\/2018\/05\/IMG_3979-150x150.jpg\" class=\"attachment-thumbnail size-thumbnail\" alt=\"Father and son live the same passion\" \/><\/a>\n\t\t\t<\/div><\/figure><figure class='gallery-item'>\n\t\t\t<div class='gallery-icon landscape'>\n\t\t\t\t<a href='https:\/\/www.planetodyssey.com\/en\/chapitre-3-la-region-midi-pyrenees-la-pierre\/img_3792\/'><img loading=\"lazy\" decoding=\"async\" width=\"150\" height=\"150\" src=\"https:\/\/www.planetodyssey.com\/wp-content\/uploads\/2018\/05\/IMG_3792-150x150.jpg\" class=\"attachment-thumbnail size-thumbnail\" alt=\"One more proof of the talent of Mother Nature\" \/><\/a>\n\t\t\t<\/div><\/figure><figure class='gallery-item'>\n\t\t\t<div class='gallery-icon landscape'>\n\t\t\t\t<a href='https:\/\/www.planetodyssey.com\/en\/chapitre-3-la-region-midi-pyrenees-la-pierre\/img_1780\/'><img loading=\"lazy\" decoding=\"async\" width=\"150\" height=\"150\" src=\"https:\/\/www.planetodyssey.com\/wp-content\/uploads\/2018\/05\/IMG_1780-150x150.jpg\" class=\"attachment-thumbnail size-thumbnail\" alt=\"Alain, the watercolorist philosopher and poet.\" \/><\/a>\n\t\t\t<\/div><\/figure><figure class='gallery-item'>\n\t\t\t<div class='gallery-icon landscape'>\n\t\t\t\t<a href='https:\/\/www.planetodyssey.com\/en\/chapitre-3-la-region-midi-pyrenees-la-pierre\/img_3466\/'><img loading=\"lazy\" decoding=\"async\" width=\"150\" height=\"150\" src=\"https:\/\/www.planetodyssey.com\/wp-content\/uploads\/2018\/05\/IMG_3466-150x150.jpg\" class=\"attachment-thumbnail size-thumbnail\" alt=\"St Cyrq la Popie the scene of an enigma in Causses du Quercy\" \/><\/a>\n\t\t\t<\/div><\/figure><figure class='gallery-item'>\n\t\t\t<div class='gallery-icon landscape'>\n\t\t\t\t<a href='https:\/\/www.planetodyssey.com\/en\/chapitre-3-la-region-midi-pyrenees-la-pierre\/img_2154\/'><img loading=\"lazy\" decoding=\"async\" width=\"150\" height=\"150\" src=\"https:\/\/www.planetodyssey.com\/wp-content\/uploads\/2018\/05\/IMG_2154-150x150.jpg\" class=\"attachment-thumbnail size-thumbnail\" alt=\"A few hundred meters near the Aven Noir\" \/><\/a>\n\t\t\t<\/div><\/figure><figure class='gallery-item'>\n\t\t\t<div class='gallery-icon landscape'>\n\t\t\t\t<a href='https:\/\/www.planetodyssey.com\/en\/chapitre-3-la-region-midi-pyrenees-la-pierre\/img_0080\/'><img loading=\"lazy\" decoding=\"async\" width=\"150\" height=\"150\" src=\"https:\/\/www.planetodyssey.com\/wp-content\/uploads\/2018\/05\/IMG_0080-150x150.jpg\" class=\"attachment-thumbnail size-thumbnail\" alt=\"*\" \/><\/a>\n\t\t\t<\/div><\/figure><figure class='gallery-item'>\n\t\t\t<div class='gallery-icon landscape'>\n\t\t\t\t<a href='https:\/\/www.planetodyssey.com\/en\/chapitre-3-la-region-midi-pyrenees-la-pierre\/img_4671\/'><img loading=\"lazy\" decoding=\"async\" width=\"150\" height=\"150\" src=\"https:\/\/www.planetodyssey.com\/wp-content\/uploads\/2018\/05\/IMG_4671-150x150.jpg\" class=\"attachment-thumbnail size-thumbnail\" alt=\"*\" \/><\/a>\n\t\t\t<\/div><\/figure><figure class='gallery-item'>\n\t\t\t<div class='gallery-icon landscape'>\n\t\t\t\t<a href='https:\/\/www.planetodyssey.com\/en\/chapitre-3-la-region-midi-pyrenees-la-pierre\/img_4685\/'><img loading=\"lazy\" decoding=\"async\" width=\"150\" height=\"150\" src=\"https:\/\/www.planetodyssey.com\/wp-content\/uploads\/2018\/05\/IMG_4685-150x150.jpg\" class=\"attachment-thumbnail size-thumbnail\" alt=\"*\" \/><\/a>\n\t\t\t<\/div><\/figure><figure class='gallery-item'>\n\t\t\t<div class='gallery-icon landscape'>\n\t\t\t\t<a href='https:\/\/www.planetodyssey.com\/en\/chapitre-3-la-region-midi-pyrenees-la-pierre\/img_3363\/'><img loading=\"lazy\" decoding=\"async\" width=\"150\" height=\"150\" src=\"https:\/\/www.planetodyssey.com\/wp-content\/uploads\/2018\/05\/IMG_3363-150x150.jpg\" class=\"attachment-thumbnail size-thumbnail\" alt=\"*\" \/><\/a>\n\t\t\t<\/div><\/figure><figure class='gallery-item'>\n\t\t\t<div class='gallery-icon landscape'>\n\t\t\t\t<a href='https:\/\/www.planetodyssey.com\/en\/chapitre-3-la-region-midi-pyrenees-la-pierre\/img_3473\/'><img loading=\"lazy\" decoding=\"async\" width=\"150\" height=\"150\" src=\"https:\/\/www.planetodyssey.com\/wp-content\/uploads\/2018\/05\/IMG_3473-150x150.jpg\" class=\"attachment-thumbnail size-thumbnail\" alt=\"*\" \/><\/a>\n\t\t\t<\/div><\/figure><figure class='gallery-item'>\n\t\t\t<div class='gallery-icon landscape'>\n\t\t\t\t<a href='https:\/\/www.planetodyssey.com\/en\/chapitre-3-la-region-midi-pyrenees-la-pierre\/img_3501\/'><img loading=\"lazy\" decoding=\"async\" width=\"150\" height=\"150\" src=\"https:\/\/www.planetodyssey.com\/wp-content\/uploads\/2018\/05\/IMG_3501-150x150.jpg\" class=\"attachment-thumbnail size-thumbnail\" alt=\"*\" \/><\/a>\n\t\t\t<\/div><\/figure><figure class='gallery-item'>\n\t\t\t<div class='gallery-icon landscape'>\n\t\t\t\t<a href='https:\/\/www.planetodyssey.com\/en\/chapitre-3-la-region-midi-pyrenees-la-pierre\/img_8317\/'><img loading=\"lazy\" decoding=\"async\" width=\"150\" height=\"150\" src=\"https:\/\/www.planetodyssey.com\/wp-content\/uploads\/2018\/05\/IMG_8317-150x150.jpg\" class=\"attachment-thumbnail size-thumbnail\" alt=\"*\" \/><\/a>\n\t\t\t<\/div><\/figure><figure class='gallery-item'>\n\t\t\t<div class='gallery-icon landscape'>\n\t\t\t\t<a href='https:\/\/www.planetodyssey.com\/en\/chapitre-3-la-region-midi-pyrenees-la-pierre\/img_3009\/'><img loading=\"lazy\" decoding=\"async\" width=\"150\" height=\"150\" src=\"https:\/\/www.planetodyssey.com\/wp-content\/uploads\/2018\/05\/IMG_3009-150x150.jpg\" class=\"attachment-thumbnail size-thumbnail\" alt=\"*\" \/><\/a>\n\t\t\t<\/div><\/figure><figure class='gallery-item'>\n\t\t\t<div class='gallery-icon landscape'>\n\t\t\t\t<a href='https:\/\/www.planetodyssey.com\/en\/chapitre-3-la-region-midi-pyrenees-la-pierre\/img_0011\/'><img loading=\"lazy\" decoding=\"async\" width=\"150\" height=\"150\" src=\"https:\/\/www.planetodyssey.com\/wp-content\/uploads\/2018\/05\/IMG_0011-150x150.jpg\" class=\"attachment-thumbnail size-thumbnail\" alt=\"*\" \/><\/a>\n\t\t\t<\/div><\/figure>\n\t\t<\/div>\n\n","protected":false},"excerpt":{"rendered":"","protected":false},"author":1,"featured_media":0,"parent":0,"menu_order":0,"comment_status":"closed","ping_status":"closed","template":"page-video.php","meta":{"_acf_changed":false,"footnotes":""},"class_list":["post-161","page","type-page","status-publish","hentry"],"acf":[],"yoast_head":"<!-- This site is optimized with the Yoast SEO plugin v26.0 - https:\/\/yoast.com\/wordpress\/plugins\/seo\/ -->\n<title>Midi-Pyr\u00e9n\u00e9es - Planet Odyssey<\/title>\n<!-- Admin only notice: this page does not show a meta description because it does not have one, either write it for this page specifically or go into the [Yoast SEO - Settings] menu and set up a template. -->\n<meta name=\"robots\" content=\"index, follow, max-snippet:-1, max-image-preview:large, max-video-preview:-1\" \/>\n<link rel=\"canonical\" href=\"https:\/\/www.planetodyssey.com\/chapitre-3-la-region-midi-pyrenees-la-pierre\/\" \/>\n<meta property=\"og:locale\" content=\"en_US\" \/>\n<meta property=\"og:type\" content=\"article\" \/>\n<meta property=\"og:title\" content=\"[:fr]La R\u00e9gion Midi-Pyr\u00e9n\u00e9es[:en]Midi-Pyr\u00e9n\u00e9es[:] - Planet Odyssey\" \/>\n<meta property=\"og:url\" content=\"https:\/\/www.planetodyssey.com\/chapitre-3-la-region-midi-pyrenees-la-pierre\/\" \/>\n<meta property=\"og:site_name\" content=\"Planet Odyssey\" \/>\n<meta property=\"article:modified_time\" content=\"2018-08-30T13:05:17+00:00\" \/>\n<meta property=\"og:image\" content=\"https:\/\/www.planetodyssey.com\/wp-content\/uploads\/2018\/05\/Photo-B-150x150.jpg\" \/>\n<meta name=\"twitter:card\" content=\"summary_large_image\" \/>\n<script type=\"application\/ld+json\" class=\"yoast-schema-graph\">{\"@context\":\"https:\/\/schema.org\",\"@graph\":[{\"@type\":\"WebPage\",\"@id\":\"https:\/\/www.planetodyssey.com\/chapitre-3-la-region-midi-pyrenees-la-pierre\/\",\"url\":\"https:\/\/www.planetodyssey.com\/chapitre-3-la-region-midi-pyrenees-la-pierre\/\",\"name\":\"[:fr]La R\u00e9gion Midi-Pyr\u00e9n\u00e9es[:en]Midi-Pyr\u00e9n\u00e9es[:] - Planet Odyssey\",\"isPartOf\":{\"@id\":\"https:\/\/www.planetodyssey.com\/#website\"},\"datePublished\":\"2018-04-23T12:12:30+00:00\",\"dateModified\":\"2018-08-30T13:05:17+00:00\",\"breadcrumb\":{\"@id\":\"https:\/\/www.planetodyssey.com\/chapitre-3-la-region-midi-pyrenees-la-pierre\/#breadcrumb\"},\"inLanguage\":\"en-US\",\"potentialAction\":[{\"@type\":\"ReadAction\",\"target\":[\"https:\/\/www.planetodyssey.com\/chapitre-3-la-region-midi-pyrenees-la-pierre\/\"]}]},{\"@type\":\"BreadcrumbList\",\"@id\":\"https:\/\/www.planetodyssey.com\/chapitre-3-la-region-midi-pyrenees-la-pierre\/#breadcrumb\",\"itemListElement\":[{\"@type\":\"ListItem\",\"position\":1,\"name\":\"Accueil\",\"item\":\"https:\/\/www.planetodyssey.com\/\"},{\"@type\":\"ListItem\",\"position\":2,\"name\":\"La R\u00e9gion Midi-Pyr\u00e9n\u00e9es\"}]},{\"@type\":\"WebSite\",\"@id\":\"https:\/\/www.planetodyssey.com\/#website\",\"url\":\"https:\/\/www.planetodyssey.com\/\",\"name\":\"Planet Odyssey\",\"description\":\"\",\"potentialAction\":[{\"@type\":\"SearchAction\",\"target\":{\"@type\":\"EntryPoint\",\"urlTemplate\":\"https:\/\/www.planetodyssey.com\/?s={search_term_string}\"},\"query-input\":{\"@type\":\"PropertyValueSpecification\",\"valueRequired\":true,\"valueName\":\"search_term_string\"}}],\"inLanguage\":\"en-US\"}]}<\/script>\n<!-- \/ Yoast SEO plugin. -->","yoast_head_json":{"title":"[:fr]La R\u00e9gion Midi-Pyr\u00e9n\u00e9es[:en]Midi-Pyr\u00e9n\u00e9es[:] - Planet Odyssey","robots":{"index":"index","follow":"follow","max-snippet":"max-snippet:-1","max-image-preview":"max-image-preview:large","max-video-preview":"max-video-preview:-1"},"canonical":"https:\/\/www.planetodyssey.com\/chapitre-3-la-region-midi-pyrenees-la-pierre\/","og_locale":"en_US","og_type":"article","og_title":"[:fr]La R\u00e9gion Midi-Pyr\u00e9n\u00e9es[:en]Midi-Pyr\u00e9n\u00e9es[:] - Planet Odyssey","og_url":"https:\/\/www.planetodyssey.com\/chapitre-3-la-region-midi-pyrenees-la-pierre\/","og_site_name":"Planet Odyssey","article_modified_time":"2018-08-30T13:05:17+00:00","og_image":[{"url":"https:\/\/www.planetodyssey.com\/wp-content\/uploads\/2018\/05\/Photo-B-150x150.jpg","type":"","width":"","height":""}],"twitter_card":"summary_large_image","schema":{"@context":"https:\/\/schema.org","@graph":[{"@type":"WebPage","@id":"https:\/\/www.planetodyssey.com\/chapitre-3-la-region-midi-pyrenees-la-pierre\/","url":"https:\/\/www.planetodyssey.com\/chapitre-3-la-region-midi-pyrenees-la-pierre\/","name":"[:fr]La R\u00e9gion Midi-Pyr\u00e9n\u00e9es[:en]Midi-Pyr\u00e9n\u00e9es[:] - Planet Odyssey","isPartOf":{"@id":"https:\/\/www.planetodyssey.com\/#website"},"datePublished":"2018-04-23T12:12:30+00:00","dateModified":"2018-08-30T13:05:17+00:00","breadcrumb":{"@id":"https:\/\/www.planetodyssey.com\/chapitre-3-la-region-midi-pyrenees-la-pierre\/#breadcrumb"},"inLanguage":"en-US","potentialAction":[{"@type":"ReadAction","target":["https:\/\/www.planetodyssey.com\/chapitre-3-la-region-midi-pyrenees-la-pierre\/"]}]},{"@type":"BreadcrumbList","@id":"https:\/\/www.planetodyssey.com\/chapitre-3-la-region-midi-pyrenees-la-pierre\/#breadcrumb","itemListElement":[{"@type":"ListItem","position":1,"name":"Accueil","item":"https:\/\/www.planetodyssey.com\/"},{"@type":"ListItem","position":2,"name":"La R\u00e9gion Midi-Pyr\u00e9n\u00e9es"}]},{"@type":"WebSite","@id":"https:\/\/www.planetodyssey.com\/#website","url":"https:\/\/www.planetodyssey.com\/","name":"Planet Odyssey","description":"","potentialAction":[{"@type":"SearchAction","target":{"@type":"EntryPoint","urlTemplate":"https:\/\/www.planetodyssey.com\/?s={search_term_string}"},"query-input":{"@type":"PropertyValueSpecification","valueRequired":true,"valueName":"search_term_string"}}],"inLanguage":"en-US"}]}},"_links":{"self":[{"href":"https:\/\/www.planetodyssey.com\/en\/wp-json\/wp\/v2\/pages\/161","targetHints":{"allow":["GET","POST","PUT","PATCH","DELETE"]}}],"collection":[{"href":"https:\/\/www.planetodyssey.com\/en\/wp-json\/wp\/v2\/pages"}],"about":[{"href":"https:\/\/www.planetodyssey.com\/en\/wp-json\/wp\/v2\/types\/page"}],"author":[{"embeddable":true,"href":"https:\/\/www.planetodyssey.com\/en\/wp-json\/wp\/v2\/users\/1"}],"replies":[{"embeddable":true,"href":"https:\/\/www.planetodyssey.com\/en\/wp-json\/wp\/v2\/comments?post=161"}],"version-history":[{"count":9,"href":"https:\/\/www.planetodyssey.com\/en\/wp-json\/wp\/v2\/pages\/161\/revisions"}],"predecessor-version":[{"id":1241,"href":"https:\/\/www.planetodyssey.com\/en\/wp-json\/wp\/v2\/pages\/161\/revisions\/1241"}],"wp:attachment":[{"href":"https:\/\/www.planetodyssey.com\/en\/wp-json\/wp\/v2\/media?parent=161"}],"curies":[{"name":"wp","href":"https:\/\/api.w.org\/{rel}","templated":true}]}}